{"id":21248,"date":"2023-03-16T10:12:45","date_gmt":"2023-03-16T09:12:45","guid":{"rendered":"http:\/\/odlewnictwobraz.dfirma.pl\/?page_id=21248"},"modified":"2023-03-23T23:12:48","modified_gmt":"2023-03-23T22:12:48","slug":"a2","status":"publish","type":"page","link":"https:\/\/odlewnictwobraz.dfirma.pl\/index.php\/a2\/","title":{"rendered":"a2"},"content":{"rendered":"<p>[et_pb_section fb_built=&#8221;1&#8243; custom_padding_last_edited=&#8221;off|desktop&#8221; admin_label=&#8221;Hero&#8221; _builder_version=&#8221;4.17.3&#8243; _module_preset=&#8221;default&#8221; use_background_color_gradient=&#8221;on&#8221; background_color_gradient_direction=&#8221;90deg&#8221; background_color_gradient_stops=&#8221;rgba(0,0,0,0.75) 0%|rgba(0,0,0,0.2) 100%&#8221; background_color_gradient_overlays_image=&#8221;on&#8221; background_color_gradient_start=&#8221;rgba(0,0,0,0.75)&#8221; background_color_gradient_end=&#8221;rgba(0,0,0,0.2)&#8221; background_image=&#8221;http:\/\/odlewnictwobraz.dfirma.pl\/wp-content\/uploads\/2023\/03\/a13.webp&#8221; min_height=&#8221;625px&#8221; custom_padding=&#8221;10%||10%|&#8221; global_colors_info=&#8221;{}&#8221;][et_pb_row _builder_version=&#8221;4.16&#8243; _module_preset=&#8221;default&#8221; background_size=&#8221;initial&#8221; background_position=&#8221;top_left&#8221; background_repeat=&#8221;repeat&#8221; custom_padding=&#8221;|||&#8221; animation_style=&#8221;zoom&#8221; animation_intensity_zoom=&#8221;4%&#8221; custom_width_px=&#8221;1920px&#8221; global_colors_info=&#8221;{}&#8221;][et_pb_column type=&#8221;4_4&#8243; _builder_version=&#8221;4.16&#8243; _module_preset=&#8221;default&#8221; custom_padding=&#8221;|||&#8221; global_colors_info=&#8221;{}&#8221; custom_padding__hover=&#8221;|||&#8221;][et_pb_text admin_label=&#8221;Title&#8221; _builder_version=&#8221;4.17.3&#8243; _module_preset=&#8221;default&#8221; text_font=&#8221;Actor||||||||&#8221; header_font=&#8221;Poppins|300|||||||&#8221; header_text_align=&#8221;center&#8221; header_font_size=&#8221;32px&#8221; header_line_height=&#8221;1.3em&#8221; background_layout=&#8221;dark&#8221; max_width=&#8221;1500%&#8221; custom_margin=&#8221;300px||||false|false&#8221; animation_style=&#8221;fold&#8221; animation_direction=&#8221;bottom&#8221; animation_intensity_fold=&#8221;30%&#8221; animation_starting_opacity=&#8221;100%&#8221; hover_enabled=&#8221;0&#8243; global_colors_info=&#8221;{}&#8221; sticky_enabled=&#8221;0&#8243; header_text_color=&#8221;#ededed&#8221;]<\/p>\n<h1>Statuetki dla Izby Rzemie\u015blniczej oraz Ma\u0142ej i \u015aredniej Przedsi\u0119biorczo\u015bci w Katowicach<\/h1>\n<p>[\/et_pb_text][\/et_pb_column][\/et_pb_row][\/et_pb_section][et_pb_section fb_built=&#8221;1&#8243; custom_padding_last_edited=&#8221;on|desktop&#8221; admin_label=&#8221;About Recipe&#8221; _builder_version=&#8221;4.17.3&#8243; _module_preset=&#8221;default&#8221; background_color=&#8221;#0a0a0a&#8221; background_enable_image=&#8221;off&#8221; background_size=&#8221;initial&#8221; custom_margin=&#8221;0px||||false|false&#8221; custom_padding=&#8221;40px|0px|90px|0px|false|false&#8221; custom_padding_tablet=&#8221;||0px|&#8221; custom_padding_phone=&#8221;&#8221; global_colors_info=&#8221;{}&#8221;][et_pb_row _builder_version=&#8221;4.17.3&#8243; _module_preset=&#8221;default&#8221; hover_enabled=&#8221;0&#8243; sticky_enabled=&#8221;0&#8243;][et_pb_column _builder_version=&#8221;4.17.3&#8243; _module_preset=&#8221;default&#8221; type=&#8221;4_4&#8243;][et_pb_text _builder_version=&#8221;4.17.3&#8243; _module_preset=&#8221;default&#8221; hover_enabled=&#8221;0&#8243; sticky_enabled=&#8221;0&#8243; text_font=&#8221;Open Sans|300|||||||&#8221; text_text_color=&#8221;#9b9b9b&#8221; text_orientation=&#8221;justified&#8221; text_font_size=&#8221;16px&#8221;]<\/p>\n<p>Statuetki przyznawane w kategorii &#8222;Firma z jako\u015bci\u0105&#8221; zosta\u0142y wr\u0119czone podczas XXVII Wielkiej Gali Izby Rzemie\u015blniczej w Katowicach, kt\u00f3ra odby\u0142a si\u0119 8 kwietnia 2022 roku w sali koncertowej Narodowej Orkiestry Symfonicznej Polskiego Radia w Katowicach. Gala ta by\u0142a wyj\u0105tkowa ze wzgl\u0119du na fakt, \u017ce Izba w tym roku obchodzi\u0142a jubileusz 100-lecia swojej dzia\u0142alno\u015bci.<\/p>\n<p>[\/et_pb_text][\/et_pb_column][\/et_pb_row][et_pb_row _builder_version=&#8221;4.17.3&#8243; _module_preset=&#8221;default&#8221; column_structure=&#8221;1_5,3_5,1_5&#8243;][et_pb_column _builder_version=&#8221;4.17.3&#8243; _module_preset=&#8221;default&#8221; type=&#8221;1_5&#8243; hover_enabled=&#8221;0&#8243; sticky_enabled=&#8221;0&#8243;][et_pb_text _builder_version=&#8221;4.17.3&#8243; _module_preset=&#8221;default&#8221; text_font=&#8221;Open Sans|300|||||||&#8221; text_text_color=&#8221;#ffffff&#8221; text_font_size=&#8221;16px&#8221; header_font=&#8221;Poppins||||||||&#8221; header_4_font=&#8221;Poppins||||||||&#8221; header_4_text_color=&#8221;#b88768&#8243; header_4_font_size=&#8221;16px&#8221; custom_padding=&#8221;40px|50px|40px|50px|false|false&#8221; hover_enabled=&#8221;0&#8243; border_color_all=&#8221;#383838&#8243; global_colors_info=&#8221;{}&#8221; theme_builder_area=&#8221;post_content&#8221; custom_margin=&#8221;50px|-40px||-60px|false|false&#8221; header_text_color=&#8221;#b88768&#8243; sticky_enabled=&#8221;0&#8243;]<\/p>\n<h4 style=\"text-align: right;\">Data wykonania<\/h4>\n<p style=\"text-align: right;\">Kwiecie\u0144, 2022<\/p>\n<p>[\/et_pb_text][et_pb_text _builder_version=&#8221;4.17.3&#8243; _module_preset=&#8221;default&#8221; text_font=&#8221;Open Sans|300|||||||&#8221; text_text_color=&#8221;#ffffff&#8221; text_font_size=&#8221;16px&#8221; header_font=&#8221;||||||||&#8221; header_4_font=&#8221;Poppins||||||||&#8221; header_4_text_color=&#8221;#b88768&#8243; header_4_font_size=&#8221;16px&#8221; custom_padding=&#8221;40px|50px|40px|50px&#8221; hover_enabled=&#8221;0&#8243; border_color_all=&#8221;#383838&#8243; global_colors_info=&#8221;{}&#8221; theme_builder_area=&#8221;post_content&#8221; custom_margin=&#8221;0px|-40px||-60px|false|false&#8221; sticky_enabled=&#8221;0&#8243;]<\/p>\n<h4 style=\"text-align: right;\">Materia\u0142<\/h4>\n<p style=\"text-align: right;\">br\u0105z, granit<\/p>\n<p>[\/et_pb_text][\/et_pb_column][et_pb_column _builder_version=&#8221;4.17.3&#8243; _module_preset=&#8221;default&#8221; type=&#8221;3_5&#8243;][et_pb_image src=&#8221;http:\/\/odlewnictwobraz.dfirma.pl\/wp-content\/uploads\/2023\/03\/Statuetki_na_gale_3.webp&#8221; _builder_version=&#8221;4.17.3&#8243; _module_preset=&#8221;default&#8221; title_text=&#8221;Statuetki_na_gale_3&#8243; hover_enabled=&#8221;0&#8243; sticky_enabled=&#8221;0&#8243; custom_margin=&#8221;|-20px||-20px|false|false&#8221;][\/et_pb_image][\/et_pb_column][et_pb_column _builder_version=&#8221;4.17.3&#8243; _module_preset=&#8221;default&#8221; type=&#8221;1_5&#8243;][et_pb_text _builder_version=&#8221;4.17.3&#8243; _module_preset=&#8221;default&#8221; text_font=&#8221;Open Sans|300|||||||&#8221; text_text_color=&#8221;#ffffff&#8221; text_font_size=&#8221;16px&#8221; header_font=&#8221;||||||||&#8221; header_4_font=&#8221;Poppins||||||||&#8221; header_4_text_color=&#8221;#b88768&#8243; header_4_font_size=&#8221;16px&#8221; custom_padding=&#8221;40px|50px|40px|50px&#8221; hover_enabled=&#8221;0&#8243; border_color_all=&#8221;#383838&#8243; global_colors_info=&#8221;{}&#8221; theme_builder_area=&#8221;post_content&#8221; custom_margin=&#8221;50px|-60px||-40px|false|false&#8221; sticky_enabled=&#8221;0&#8243;]<\/p>\n<h4>Wymiary<\/h4>\n<p>40cm x 12cm x 8cm<\/p>\n<p>[\/et_pb_text][et_pb_text _builder_version=&#8221;4.17.3&#8243; _module_preset=&#8221;default&#8221; text_font=&#8221;Open Sans|300|||||||&#8221; text_text_color=&#8221;#ffffff&#8221; text_font_size=&#8221;16px&#8221; header_font=&#8221;||||||||&#8221; header_text_color=&#8221;#ffffff&#8221; header_4_font=&#8221;Poppins||||||||&#8221; header_4_text_color=&#8221;#b88768&#8243; header_4_font_size=&#8221;16px&#8221; custom_padding=&#8221;40px|50px|40px|50px&#8221; hover_enabled=&#8221;0&#8243; border_color_all=&#8221;#383838&#8243; global_colors_info=&#8221;{}&#8221; theme_builder_area=&#8221;post_content&#8221; custom_margin=&#8221;|-60px||-40px|false|false&#8221; sticky_enabled=&#8221;0&#8243;]<\/p>\n<h4>Waga<\/h4>\n<p>2kg<\/p>\n<p>[\/et_pb_text][\/et_pb_column][\/et_pb_row][et_pb_row column_structure=&#8221;1_2,1_2&#8243; _builder_version=&#8221;4.16&#8243; _module_preset=&#8221;default&#8221; global_colors_info=&#8221;{}&#8221;][et_pb_column type=&#8221;1_2&#8243; _builder_version=&#8221;4.16&#8243; _module_preset=&#8221;default&#8221; custom_padding=&#8221;|||&#8221; global_colors_info=&#8221;{}&#8221; custom_padding__hover=&#8221;|||&#8221;][et_pb_image src=&#8221;http:\/\/odlewnictwobraz.dfirma.pl\/wp-content\/uploads\/2023\/03\/Statuetki_na_okazje_01.webp&#8221; title_text=&#8221;Statuetki_na_okazj\u0119_01&#8243; force_fullwidth=&#8221;on&#8221; align_tablet=&#8221;center&#8221; align_phone=&#8221;center&#8221; align_last_edited=&#8221;on|desktop&#8221; _builder_version=&#8221;4.17.3&#8243; _module_preset=&#8221;default&#8221; animation_style=&#8221;fade&#8221; border_color_all=&#8221;#383838&#8243; global_colors_info=&#8221;{}&#8221;][\/et_pb_image][\/et_pb_column][et_pb_column type=&#8221;1_2&#8243; _builder_version=&#8221;4.16&#8243; _module_preset=&#8221;default&#8221; custom_padding=&#8221;|||&#8221; global_colors_info=&#8221;{}&#8221; custom_padding__hover=&#8221;|||&#8221;][et_pb_image src=&#8221;http:\/\/odlewnictwobraz.dfirma.pl\/wp-content\/uploads\/2023\/03\/Statuetki_firmowe_5.webp&#8221; title_text=&#8221;Statuetki_firmowe_5&#8243; force_fullwidth=&#8221;on&#8221; align_tablet=&#8221;center&#8221; align_phone=&#8221;center&#8221; align_last_edited=&#8221;on|desktop&#8221; _builder_version=&#8221;4.17.3&#8243; _module_preset=&#8221;default&#8221; animation_style=&#8221;fade&#8221; border_color_all=&#8221;#383838&#8243; global_colors_info=&#8221;{}&#8221;][\/et_pb_image][\/et_pb_column][\/et_pb_row][\/et_pb_section]<\/p>\n","protected":false},"excerpt":{"rendered":"<p>Statuetki dla Izby Rzemie\u015blniczej oraz Ma\u0142ej i \u015aredniej Przedsi\u0119biorczo\u015bci w KatowicachStatuetki przyznawane w kategorii &#8222;Firma z jako\u015bci\u0105&#8221; zosta\u0142y wr\u0119czone podczas XXVII Wielkiej Gali Izby Rzemie\u015blniczej w Katowicach, kt\u00f3ra odby\u0142a si\u0119 8 kwietnia 2022 roku w sali koncertowej Narodowej Orkiestry Symfonicznej Polskiego Radia w Katowicach. Gala ta by\u0142a wyj\u0105tkowa ze wzgl\u0119du na fakt, \u017ce Izba w [&hellip;]<\/p>\n","protected":false},"author":1,"featured_media":0,"parent":0,"menu_order":0,"comment_status":"closed","ping_status":"closed","template":"","meta":{"_et_pb_use_builder":"on","_et_pb_old_content":"","_et_gb_content_width":"","footnotes":""},"class_list":["post-21248","page","type-page","status-publish","hentry"],"_links":{"self":[{"href":"https:\/\/odlewnictwobraz.dfirma.pl\/index.php\/wp-json\/wp\/v2\/pages\/21248","targetHints":{"allow":["GET"]}}],"collection":[{"href":"https:\/\/odlewnictwobraz.dfirma.pl\/index.php\/wp-json\/wp\/v2\/pages"}],"about":[{"href":"https:\/\/odlewnictwobraz.dfirma.pl\/index.php\/wp-json\/wp\/v2\/types\/page"}],"author":[{"embeddable":true,"href":"https:\/\/odlewnictwobraz.dfirma.pl\/index.php\/wp-json\/wp\/v2\/users\/1"}],"replies":[{"embeddable":true,"href":"https:\/\/odlewnictwobraz.dfirma.pl\/index.php\/wp-json\/wp\/v2\/comments?post=21248"}],"version-history":[{"count":11,"href":"https:\/\/odlewnictwobraz.dfirma.pl\/index.php\/wp-json\/wp\/v2\/pages\/21248\/revisions"}],"predecessor-version":[{"id":21320,"href":"https:\/\/odlewnictwobraz.dfirma.pl\/index.php\/wp-json\/wp\/v2\/pages\/21248\/revisions\/21320"}],"wp:attachment":[{"href":"https:\/\/odlewnictwobraz.dfirma.pl\/index.php\/wp-json\/wp\/v2\/media?parent=21248"}],"curies":[{"name":"wp","href":"https:\/\/api.w.org\/{rel}","templated":true}]}}